{"id":179,"date":"2017-06-12T12:44:11","date_gmt":"2017-06-12T11:44:11","guid":{"rendered":"https:\/\/prostor.celje.si\/portal\/?page_id=179"},"modified":"2017-06-12T12:44:11","modified_gmt":"2017-06-12T11:44:11","slug":"piskoti","status":"publish","type":"page","link":"https:\/\/prostor.celje.si\/?page_id=179","title":{"rendered":"Pi\u0161koti"},"content":{"rendered":"<h2>O pi\u0161kotkih<\/h2>\n<p>Pi\u0161kotki <strong>niso ni\u010d novega<\/strong>, vsi obiskovalci spletnih strani imamo na svojih ra\u010dunalnikih, tablicah, mobitelih shranjenih \u017ee veliko pi\u0161kotkov z razli\u010dnih spletnih strani. Novo je zgolj to, da z novo zakonodajo (ZEKom-1) prihaja do sprememb glede obve\u0161\u010danja oz. sogla\u0161anja obiskovalcev z njihovo uporabo.<\/p>\n<h2>\u200bKaj so pi\u0161kotki?<\/h2>\n<p>So male besedilne datoteke, ki jih ve\u010dina spletnih mest shrani v naprave, s katerimi uporabniki dostopajo do interneta z namenom prepoznavanja posameznih naprav, ki so jih uporabniki uporabili pri dostopu. Njihovo shranjevanje je pod popolnim nadzorom brskalnika, ki ga ima uporabnik &#8211; ta lahko shranjevanje pi\u0161kotkov po \u017eelji omeji ali onemogo\u010di. Pi\u0161kotki niso \u0161kodljivi in so vedno \u010dasovno omejeni.<\/p>\n<h2>Zakaj so pi\u0161kotki potrebni?<\/h2>\n<p>So temeljnega pomena za <strong>zagotavljanje uporabniku prijaznih spletnih storitev<\/strong>. Interakcija med spletnim uporabnikom in spletnim mestom je s pomo\u010djo pi\u0161kotkov hitrej\u0161a in enostavnej\u0161a. Z njihovo pomo\u010djo si spletno mesto zapomni posameznikove preference in izku\u0161nje, s tem je prihranjen \u010das, brskanje po spletnih mestih pa bolj u\u010dinkovito in prijazno.<\/p>\n<p>Nekaj konkretnih primerov uporabe pi\u0161kotkov:<\/p>\n<ul>\n<li><strong>za bolj\u0161o uporabni\u0161ko izku\u0161njo<\/strong> spletne strani obiskovalcem prilagodimo prikaz vsebine glede na pretekle obiske<\/li>\n<li>za <strong>shranjevanje izbire<\/strong> pri ustvarjanju o\u017ejega izbora naprav in ponudbe ter njihove primerjave<\/li>\n<li>na delih spletnih mestih, kjer je potrebna prijava, <strong>vas ohranimo prijavljene<\/strong><\/li>\n<li>za prepoznavanje va\u0161e naprave (ra\u010dunalnik, tablica, mobitel), ki omogo\u010da <strong>prilagajanje prikaza vsebine va\u0161i napravi<\/strong><\/li>\n<li>za <strong>spremljanje obiska<\/strong>, kar omogo\u010da preverjanje u\u010dinkovitosti prikaza vsebin in ustreznosti oglasov ter stalno izbolj\u0161avo spletnih strani<\/li>\n<li>za <strong>delovanje dolo\u010denih storitev so nujni<\/strong> (npr. spletne banke, spletne trgovine in druge oblike e-poslovanja, &#8230;)<\/li>\n<\/ul>\n<p>&nbsp;<\/p>\n<h2>Pi\u0161kotki spletne analitike<\/h2>\n<table width=\"100%\" cellspacing=\"0\" cellpadding=\"7\">\n<colgroup>\n<col \/>\n<col \/>\n<col \/>\n<col \/><\/colgroup>\n<tbody>\n<tr>\n<td>Ime Pi\u0161kotka<\/td>\n<td>Namen<\/td>\n<td>\u010cas poteka<\/td>\n<td>Podjetje<\/td>\n<\/tr>\n<tr>\n<td>_gat<\/td>\n<td>Statistika ogledov spletne strani<\/td>\n<td>2 leti<\/td>\n<td>Google Analytics<\/td>\n<\/tr>\n<tr>\n<td>_ga<\/td>\n<td>Statistika ogledov spletne strani<\/td>\n<td>30 min<\/td>\n<td>Google Analytics<\/td>\n<\/tr>\n<tr>\n<td>_gid<\/td>\n<td>Statistika ogledov spletne strani<\/td>\n<td>Trajanje seje<\/td>\n<td>Google Analytics<\/td>\n<\/tr>\n<tr>\n<td>cookie_set<\/td>\n<td>Shranjevanje izbire<\/td>\n<td>30\u00a0dni<\/td>\n<td>Mestna o\u010dina Celje<\/td>\n<\/tr>\n<\/tbody>\n<\/table>\n<h2>Nastavitve pi\u0161kotkov<\/h2>\n<p>\u200bNastavit\u200bve za pi\u0161kotke \u200blahko nadzirate in spreminjate tudi v va\u0161em spletnem brskalniku.<\/p>\n<p>Za informacije o nastavitvah za pi\u0161kotke izberite spletni brskalnik, ki ga uporabljate.<\/p>\n<ul>\n<li><a href=\"http:\/\/windows.microsoft.com\/sl-si\/windows7\/how-to-manage-cookies-in-internet-explorer-9\">Internet Explorer 9<\/a><\/li>\n<li><a href=\"http:\/\/windows.microsoft.com\/sl-si\/windows-vista\/block-or-allow-cookies\">Internet Explorer 7 in 8<\/a><\/li>\n<li><a href=\"https:\/\/support.google.com\/chrome\/answer\/95647?hl=sl-sl&amp;p=cpn_cookies\">Chrome<\/a><\/li>\n<li><a href=\"http:\/\/support.mozilla.org\/sl\/kb\/kako-omogocite-onemogocite-piskote-v-katerih-splet\">Firefox<\/a><\/li>\n<li><a href=\"http:\/\/www.opera.com\/help\/tutorials\/security\/cookies\/\">Opera (stran v angle\u0161kem jeziku)<\/a><\/li>\n<li><a href=\"http:\/\/support.apple.com\/kb\/PH11913\">Safari (stran v angle\u0161kem jeziku)\u00a0<\/a><\/li>\n<\/ul>\n","protected":false},"excerpt":{"rendered":"<p>O pi\u0161kotkih Pi\u0161kotki niso ni\u010d novega, vsi obiskovalci spletnih strani imamo na svojih ra\u010dunalnikih, tablicah, mobitelih shranjenih \u017ee veliko pi\u0161kotkov z razli\u010dnih spletnih strani. Novo je zgolj to, da z novo zakonodajo (ZEKom-1) prihaja do sprememb glede obve\u0161\u010danja oz. sogla\u0161anja obiskovalcev z njihovo uporabo. \u200bKaj so pi\u0161kotki? So male besedilne datoteke, ki jih ve\u010dina spletnih [&hellip;]<\/p>\n","protected":false},"author":1,"featured_media":0,"parent":0,"menu_order":0,"comment_status":"closed","ping_status":"closed","template":"","meta":{"footnotes":""},"class_list":["post-179","page","type-page","status-publish","hentry"],"_links":{"self":[{"href":"https:\/\/prostor.celje.si\/index.php?rest_route=\/wp\/v2\/pages\/179","targetHints":{"allow":["GET"]}}],"collection":[{"href":"https:\/\/prostor.celje.si\/index.php?rest_route=\/wp\/v2\/pages"}],"about":[{"href":"https:\/\/prostor.celje.si\/index.php?rest_route=\/wp\/v2\/types\/page"}],"author":[{"embeddable":true,"href":"https:\/\/prostor.celje.si\/index.php?rest_route=\/wp\/v2\/users\/1"}],"replies":[{"embeddable":true,"href":"https:\/\/prostor.celje.si\/index.php?rest_route=%2Fwp%2Fv2%2Fcomments&post=179"}],"version-history":[{"count":1,"href":"https:\/\/prostor.celje.si\/index.php?rest_route=\/wp\/v2\/pages\/179\/revisions"}],"predecessor-version":[{"id":180,"href":"https:\/\/prostor.celje.si\/index.php?rest_route=\/wp\/v2\/pages\/179\/revisions\/180"}],"wp:attachment":[{"href":"https:\/\/prostor.celje.si\/index.php?rest_route=%2Fwp%2Fv2%2Fmedia&parent=179"}],"curies":[{"name":"wp","href":"https:\/\/api.w.org\/{rel}","templated":true}]}}